{"id":2181,"date":"2019-02-07T07:59:13","date_gmt":"2019-02-07T07:59:13","guid":{"rendered":"http:\/\/babystreet.althemist.com\/?page_id=2181"},"modified":"2025-04-25T02:28:32","modified_gmt":"2025-04-25T02:28:32","slug":"about-us","status":"publish","type":"page","link":"https:\/\/forbee.vn\/?page_id=2181","title":{"rendered":"About Us"},"content":{"rendered":"<p>[vc_row gap=&#8221;35&#8243; content_placement=&#8221;middle&#8221; css=&#8221;.vc_custom_1550319091054{margin-bottom: 0px !important;padding-top: 80px !important;padding-bottom: 80px !important;}&#8221;][vc_column width=&#8221;1\/2&#8243;][vc_single_image image=&#8221;33140&#8243; img_size=&#8221;650&#215;450&#8243; style=&#8221;vc_box_rounded&#8221; css=&#8221;.vc_custom_1745401648242{margin-bottom: 0px !important;}&#8221;][\/vc_column][vc_column width=&#8221;1\/2&#8243;][vc_column_text css=&#8221;.vc_custom_1550319403767{margin-bottom: 10px !important;}&#8221;]<\/p>\n<h3>Story &amp; Mission<\/h3>\n<p>[\/vc_column_text][vc_column_text css=&#8221;.vc_custom_1745401107873{margin-bottom: 15px !important;}&#8221;]<\/p>\n<p class=\"\" data-start=\"155\" data-end=\"364\">Forbee mong mu\u1ed1n tr\u1edf th\u00e0nh c\u1ea7u n\u1ed1i v\u1eefng ch\u1eafc gi\u1eefa c\u00e1c gia \u0111\u00ecnh Vi\u1ec7t v\u00e0 nh\u1eefng s\u1ea3n ph\u1ea9m m\u1eb9 &amp; b\u00e9 ch\u1ea5t l\u01b0\u1ee3ng t\u1eeb H\u00e0n Qu\u1ed1c \u2013 n\u01a1i h\u1ed9i t\u1ee5 nh\u1eefng gi\u00e1 tr\u1ecb ch\u0103m s\u00f3c s\u1ee9c kh\u1ecfe to\u00e0n di\u1ec7n, hi\u1ec7n \u0111\u1ea1i v\u00e0 tinh t\u1ebf.<\/p>\n<p class=\"\" data-start=\"366\" data-end=\"380\"><strong data-start=\"366\" data-end=\"378\">S\u1ee9 m\u1ec7nh:<\/strong><\/p>\n<ul data-start=\"381\" data-end=\"766\">\n<li class=\"\" data-start=\"381\" data-end=\"505\">\n<p class=\"\" data-start=\"383\" data-end=\"505\">Mang \u0111\u1ebfn <strong data-start=\"392\" data-end=\"437\">s\u1ea3n ph\u1ea9m ch\u00ednh h\u00e3ng, an to\u00e0n v\u00e0 l\u00e0nh t\u00ednh<\/strong>, ph\u00f9 h\u1ee3p v\u1edbi th\u1ec3 tr\u1ea1ng v\u00e0 nhu c\u1ea7u ph\u00e1t tri\u1ec3n c\u1ee7a tr\u1ebb em Vi\u1ec7t Nam.<\/p>\n<\/li>\n<li class=\"\" data-start=\"506\" data-end=\"616\">\n<p class=\"\" data-start=\"508\" data-end=\"616\">\u0110\u1ed3ng h\u00e0nh c\u00f9ng m\u1eb9 tr\u00ean h\u00e0nh tr\u00ecnh nu\u00f4i con b\u1eb1ng <strong data-start=\"556\" data-end=\"613\">ki\u1ebfn th\u1ee9c chu\u1ea9n, gi\u1ea3i ph\u00e1p th\u1ef1c t\u1ebf v\u00e0 d\u1ecbch v\u1ee5 t\u1eadn t\u00e2m<\/strong>.<\/p>\n<\/li>\n<li class=\"\" data-start=\"617\" data-end=\"766\">\n<p class=\"\" data-start=\"619\" data-end=\"766\">Lu\u00f4n c\u1eadp nh\u1eadt xu h\u01b0\u1edbng qu\u1ed1c t\u1ebf, ch\u1ecdn l\u1ecdc nh\u1eefng s\u1ea3n ph\u1ea9m t\u1ed1t nh\u1ea5t t\u1eeb H\u00e0n Qu\u1ed1c \u0111\u1ec3 <strong data-start=\"699\" data-end=\"765\">\u0111\u01b0a \u0111\u1ebfn tay ng\u01b0\u1eddi ti\u00eau d\u00f9ng Vi\u1ec7t m\u1ed9t c\u00e1ch d\u1ec5 d\u00e0ng v\u00e0 minh b\u1ea1ch<\/strong>.<\/p>\n<\/li>\n<\/ul>\n<p class=\"\" data-start=\"768\" data-end=\"896\">TOPMOM kh\u00f4ng ch\u1ec9 b\u00e1n s\u1ea3n ph\u1ea9m \u2013 ch\u00fang t\u00f4i mang \u0111\u1ebfn <strong data-start=\"819\" data-end=\"896\">s\u1ef1 tin t\u01b0\u1edfng, y\u00ean t\u00e2m v\u00e0 y\u00eau th\u01b0\u01a1ng<\/strong><\/p>\n<p>[\/vc_column_text][\/vc_column][\/vc_row][vc_row full_width=&#8221;stretch_row&#8221; content_placement=&#8221;middle&#8221; css=&#8221;.vc_custom_1550327660573{margin-bottom: 0px !important;border-top-width: 1px !important;border-bottom-width: 1px !important;padding-top: 80px !important;padding-bottom: 80px !important;background-color: #ebf7fa !important;border-top-color: #ecf5f6 !important;border-top-style: solid !important;border-bottom-color: #ecf5f6 !important;border-bottom-style: solid !important;}&#8221;][vc_column width=&#8221;1\/3&#8243;]        <div class=\"wpb_content_element\">\n            <div class=\"babystreet-iconbox   babystreet-image-icon\">\n                <div class=\"icon_wrapper\">\n                    <span class=\"icon_inner\" style=\"background-color:#81d1e5;\">\n                        \t\t\t\t\t\t\t                                            <\/span>\n                <\/div>\n                <div class=\"iconbox_content\">\n                                            <h5 style=\"color:#333333;\">Cute Models<\/h5>\n                                                            <div class=\"iconbox_text_content\">\n                        From our in-house Design and Creative studios to our monthly birthday cupcake breaks. We love to build moments.                    <\/div>\n                <\/div>\n            <\/div>\n        <\/div>\n        [\/vc_column][vc_column width=&#8221;1\/3&#8243;]        <div class=\"wpb_content_element\">\n            <div class=\"babystreet-iconbox   babystreet-image-icon\">\n                <div class=\"icon_wrapper\">\n                    <span class=\"icon_inner\" style=\"background-color:#81d1e5;\">\n                        \t\t\t\t\t\t\t                                            <\/span>\n                <\/div>\n                <div class=\"iconbox_content\">\n                                            <h5 style=\"color:#333333;\">Awesome Products<\/h5>\n                                                            <div class=\"iconbox_text_content\">\n                        From our in-house Design and Creative studios to our monthly birthday cupcake breaks. We love to build moments.                    <\/div>\n                <\/div>\n            <\/div>\n        <\/div>\n        [\/vc_column][vc_column width=&#8221;1\/3&#8243;]        <div class=\"wpb_content_element\">\n            <div class=\"babystreet-iconbox   babystreet-image-icon\">\n                <div class=\"icon_wrapper\">\n                    <span class=\"icon_inner\" style=\"background-color:#81d1e5;\">\n                        \t\t\t\t\t\t\t                                            <\/span>\n                <\/div>\n                <div class=\"iconbox_content\">\n                                            <h5 style=\"color:#333333;\">Best Quality<\/h5>\n                                                            <div class=\"iconbox_text_content\">\n                        From our in-house Design and Creative studios to our monthly birthday cupcake breaks. We love to build moments.                    <\/div>\n                <\/div>\n            <\/div>\n        <\/div>\n        [\/vc_column][\/vc_row][vc_row gap=&#8221;35&#8243; content_placement=&#8221;middle&#8221; css=&#8221;.vc_custom_1550319091054{margin-bottom: 0px !important;padding-top: 80px !important;padding-bottom: 80px !important;}&#8221;][vc_column width=&#8221;1\/2&#8243;][vc_column_text css=&#8221;.vc_custom_1550316313023{margin-bottom: 10px !important;}&#8221;]<\/p>\n<h3>Our Philosophy<\/h3>\n<p>[\/vc_column_text][vc_column_text]<\/p>\n<p class=\"\" data-start=\"223\" data-end=\"533\"><em>T\u1ea1i Forbee, ch\u00fang t\u00f4i tin r\u1eb1ng <strong data-start=\"254\" data-end=\"330\">s\u1ef1 ch\u0103m s\u00f3c d\u1ecbu d\u00e0ng l\u00e0 n\u1ec1n t\u1ea3ng cho s\u1ef1 ph\u00e1t tri\u1ec3n to\u00e0n di\u1ec7n c\u1ee7a tr\u1ebb nh\u1ecf<\/strong>. M\u1ed7i s\u1ea3n ph\u1ea9m m\u00e0 ch\u00fang t\u00f4i nh\u1eadp kh\u1ea9u v\u00e0 ph\u00e2n ph\u1ed1i \u0111\u1ec1u \u0111\u01b0\u1ee3c l\u1ef1a ch\u1ecdn b\u1eb1ng <strong data-start=\"404\" data-end=\"443\">tr\u00e1i tim c\u1ee7a nh\u1eefng ng\u01b0\u1eddi l\u00e0m cha m\u1eb9<\/strong>, v\u1edbi s\u1ef1 kh\u1eaft khe trong ch\u1ea5t l\u01b0\u1ee3ng v\u00e0 s\u1ef1 th\u1ea5u hi\u1ec3u trong t\u1eebng nhu c\u1ea7u nh\u1ecf b\u00e9 c\u1ee7a m\u1eb9 v\u00e0 b\u00e9.<\/em><\/p>\n<p class=\"\" data-start=\"535\" data-end=\"586\"><em><strong data-start=\"535\" data-end=\"586\">Ch\u00fang t\u00f4i ho\u1ea1t \u0111\u1ed9ng d\u1ef1a tr\u00ean 3 gi\u00e1 tr\u1ecb c\u1ed1t l\u00f5i:<\/strong><\/em><\/p>\n<ul data-start=\"588\" data-end=\"1026\">\n<li class=\"\" data-start=\"588\" data-end=\"710\">\n<p class=\"\" data-start=\"590\" data-end=\"710\"><em><strong data-start=\"590\" data-end=\"625\">An t\u00e2m cho m\u1eb9 \u2013 An to\u00e0n cho b\u00e9:<\/strong> S\u1ea3n ph\u1ea9m ph\u1ea3i r\u00f5 ngu\u1ed3n g\u1ed1c, \u0111\u01b0\u1ee3c ki\u1ec3m ch\u1ee9ng v\u00e0 ph\u00f9 h\u1ee3p v\u1edbi c\u01a1 \u0111\u1ecba c\u1ee7a tr\u1ebb em Vi\u1ec7t.<\/em><\/p>\n<\/li>\n<li class=\"\" data-start=\"711\" data-end=\"857\">\n<p class=\"\" data-start=\"713\" data-end=\"857\"><em><strong data-start=\"713\" data-end=\"735\">\u0110\u1ed3ng h\u00e0nh b\u1ec1n l\u00e2u:<\/strong> Kh\u00f4ng ch\u1ec9 l\u00e0 ng\u01b0\u1eddi b\u00e1n h\u00e0ng, TOPMOM mu\u1ed1n tr\u1edf th\u00e0nh b\u1ea1n \u0111\u1ed3ng h\u00e0nh tin c\u1eady c\u1ee7a m\u1ecdi gia \u0111\u00ecnh tr\u00ean h\u00e0nh tr\u00ecnh nu\u00f4i d\u1ea1y con.<\/em><\/p>\n<\/li>\n<li class=\"\" data-start=\"858\" data-end=\"1026\">\n<p class=\"\" data-start=\"860\" data-end=\"1026\"><em><strong data-start=\"860\" data-end=\"891\">Lu\u00f4n h\u01b0\u1edbng t\u1edbi s\u1ef1 c\u1ea3i ti\u1ebfn:<\/strong> Th\u1ebf gi\u1edbi c\u1ee7a m\u1eb9 v\u00e0 b\u00e9 kh\u00f4ng ng\u1eebng thay \u0111\u1ed5i \u2013 ch\u00fang t\u00f4i cam k\u1ebft lu\u00f4n h\u1ecdc h\u1ecfi, \u0111\u1ed5i m\u1edbi \u0111\u1ec3 mang l\u1ea1i nh\u1eefng gi\u1ea3i ph\u00e1p ch\u0103m s\u00f3c t\u1ed1i \u01b0u nh\u1ea5t.<\/em><\/p>\n<\/li>\n<\/ul>\n<p class=\"\" data-start=\"1028\" data-end=\"1176\"><em>V\u1edbi TOPMOM, <strong data-start=\"1040\" data-end=\"1176\">m\u1ed7i h\u00e0nh \u0111\u1ed9ng nh\u1ecf \u0111\u1ec1u b\u1eaft \u0111\u1ea7u b\u1eb1ng m\u1ed9t mong mu\u1ed1n l\u1edbn: Gi\u00fap h\u00e0nh tr\u00ecnh l\u00e0m cha m\u1eb9 tr\u1edf n\u00ean nh\u1eb9 nh\u00e0ng, h\u1ea1nh ph\u00fac v\u00e0 \u0111\u1ea7y y\u00eau th\u01b0\u01a1ng h\u01a1n.<\/strong><\/em><\/p>\n<p>[\/vc_column_text][vc_btn title=&#8221;Shop Now&#8221; style=&#8221;custom&#8221; custom_background=&#8221;#ff8087&#8243; custom_text=&#8221;#ffffff&#8221; shape=&#8221;round&#8221; link=&#8221;url:https%3A%2F%2Fforbee.vn%2F%3Fpage_id%3D6|title:C%E1%BB%ADa%20h%C3%A0ng&#8221; css=&#8221;.vc_custom_1745548109118{margin-bottom: 0px !important;}&#8221;][\/vc_column][vc_column width=&#8221;1\/2&#8243;][vc_single_image image=&#8221;33108&#8243; img_size=&#8221;650&#215;450&#8243; style=&#8221;vc_box_rounded&#8221;][\/vc_column][\/vc_row]<\/p>\n","protected":false},"excerpt":{"rendered":"<p>[vc_row gap=&#8221;35&#8243; content_placement=&#8221;middle&#8221; css=&#8221;.vc_custom_1550319091054{margin-bottom: 0px !important;padding-top: 80px !important;padding-bottom: 80px !important;}&#8221;][vc_column width=&#8221;1\/2&#8243;][vc_single_image image=&#8221;33140&#8243; img_size=&#8221;650&#215;450&#8243; style=&#8221;vc_box_rounded&#8221; css=&#8221;.vc_custom_1745401648242{margin-bottom: 0px !important;}&#8221;][\/vc_column][vc_column width=&#8221;1\/2&#8243;][vc_column_text css=&#8221;.vc_custom_1550319403767{margin-bottom: 10px !important;}&#8221;] Story &amp; Mission [\/vc_column_text][vc_column_text css=&#8221;.vc_custom_1745401107873{margin-bottom: 15px !important;}&#8221;] Forbee mong mu\u1ed1n tr\u1edf th\u00e0nh c\u1ea7u n\u1ed1i v\u1eefng ch\u1eafc gi\u1eefa c\u00e1c gia \u0111\u00ecnh Vi\u1ec7t v\u00e0 nh\u1eefng s\u1ea3n ph\u1ea9m m\u1eb9 &amp; b\u00e9 ch\u1ea5t l\u01b0\u1ee3ng t\u1eeb H\u00e0n Qu\u1ed1c \u2013&#8230;<a class=\"r_more_blog\" href=\"https:\/\/forbee.vn\/?page_id=2181#more-2181\"> continue reading<\/a><\/p>\n","protected":false},"author":1,"featured_media":0,"parent":0,"menu_order":0,"comment_status":"closed","ping_status":"closed","template":"","meta":{"footnotes":""},"class_list":["post-2181","page","type-page","status-publish","hentry"],"_links":{"self":[{"href":"https:\/\/forbee.vn\/index.php?rest_route=\/wp\/v2\/pages\/2181","targetHints":{"allow":["GET"]}}],"collection":[{"href":"https:\/\/forbee.vn\/index.php?rest_route=\/wp\/v2\/pages"}],"about":[{"href":"https:\/\/forbee.vn\/index.php?rest_route=\/wp\/v2\/types\/page"}],"author":[{"embeddable":true,"href":"https:\/\/forbee.vn\/index.php?rest_route=\/wp\/v2\/users\/1"}],"replies":[{"embeddable":true,"href":"https:\/\/forbee.vn\/index.php?rest_route=%2Fwp%2Fv2%2Fcomments&post=2181"}],"version-history":[{"count":7,"href":"https:\/\/forbee.vn\/index.php?rest_route=\/wp\/v2\/pages\/2181\/revisions"}],"predecessor-version":[{"id":33248,"href":"https:\/\/forbee.vn\/index.php?rest_route=\/wp\/v2\/pages\/2181\/revisions\/33248"}],"wp:attachment":[{"href":"https:\/\/forbee.vn\/index.php?rest_route=%2Fwp%2Fv2%2Fmedia&parent=2181"}],"curies":[{"name":"wp","href":"https:\/\/api.w.org\/{rel}","templated":true}]}}