{"id":33069,"date":"2025-04-15T13:35:58","date_gmt":"2025-04-15T13:35:58","guid":{"rendered":"https:\/\/forbee.vn\/san-pham\/banh-gao-que-hoa-qua-huu-co-naebro\/"},"modified":"2026-01-10T03:20:44","modified_gmt":"2026-01-10T03:20:44","slug":"banh-gao-que-hoa-qua-huu-co-naebro","status":"publish","type":"product","link":"https:\/\/forbee.vn\/?product=banh-gao-que-hoa-qua-huu-co-naebro","title":{"rendered":"B\u00e1nh g\u1ea1o que hoa qu\u1ea3 h\u1eefu c\u01a1 Naebro."},"content":{"rendered":"<p>B\u00e1nh g\u1ea1o h\u1eefu c\u01a1 Naebro Pure Eat d\u1ea1ng que b\u1ed5 sung vitamin cho b\u00e9 6m+ &#8211; FORBEE<\/p>\n<p> B\u00e1nh g\u1ea1o h\u1eefu c\u01a1 Naebro Pure Eat d\u1ea1ng que v\u1ecb hoa qu\u1ea3 ch\u1eafn s\u1ebd mang \u0111\u1ebfn s\u1ef1 th\u00edch th\u00fa cho c\u1ea3 nh\u1eefng b\u00e9 y\u00eau kh\u00f3 t\u00ednh nh\u1ea5t. Th\u00e0nh ph\u1ea7n k\u1ebft h\u1ee3p gi\u1eefa g\u1ea1o l\u1ee9t v\u00e0 b\u1ed9t tr\u00e1i c\u00e2y s\u1ea5y kh\u00f4 mang \u0111\u1ebfn h\u01b0\u01a1ng v\u1ecb th\u01a1m ngon, tan ngay trong mi\u1ec7ng v\u00e0 \u0111\u1eb7c bi\u1ec7t c\u00f3 ch\u1ee9a h\u00e0m l\u01b0\u1ee3ng ch\u1ea5t dinh d\u01b0\u1ee1ng ph\u00f9 h\u1ee3p v\u1edbi \u0111\u01b0\u1eddng ru\u1ed9t non y\u1ebfu c\u1ee7a b\u00e9. M\u1eb9 ho\u00e0n to\u00e0n c\u00f3 th\u1ec3 d\u00f9ng s\u1ea3n ph\u1ea9m \u0111\u1ec3 thay th\u1ebf b\u1eefa s\u00e1ng v\u00e0 b\u1ed5 sung v\u00e0o c\u00e1c b\u1eefa ph\u1ee5, gi\u00fap \u0111a d\u1ea1ng h\u00f3a c\u00e1c m\u00f3n \u0103n cho b\u00e9 y\u00eau.<\/p>\n<p> Th\u00f4ng tin s\u1ea3n ph\u1ea9m<br \/>\n \u2756 T\u00ean s\u1ea3n ph\u1ea9m: B\u00e1nh g\u1ea1o d\u1eb9t h\u1eefu c\u01a1 Naebro<br \/>\n \u2756 Th\u01b0\u01a1ng hi\u1ec7u: Naebro Pure &#8211; Eat<br \/>\n \u2756 Kh\u1ed1i l\u01b0\u1ee3ng: 30g\/g\u00f3i<br \/>\n \u2756 Xu\u1ea5t x\u1ee9: H\u00e0n Qu\u1ed1c<br \/>\n \u2756 Th\u00e0nh ph\u1ea7n: G\u1ea1o h\u1eefu c\u01a1, rau c\u1ee7, hoa qu\u1ea3<br \/>\n \u2756 H\u01b0\u01a1ng v\u1ecb: Khoai lang, S\u00fap l\u01a1 xanh, D\u00e2u t\u00e2y, L\u1ef1u, Nho xanh, Xo\u00e0i, Chu\u1ed1i<br \/>\n \u2756 Nh\u00e0 cung c\u1ea5p: Naebro Pure &#8211; Eat<\/p>\n<p> C\u00f4ng d\u1ee5ng s\u1ea3n ph\u1ea9m<br \/>\n \u2756 B\u00e1nh d\u1ea1ng que \u0111\u01b0\u1ee3c l\u00e0m t\u1eeb g\u1ea1o l\u1ee9t h\u1eefu c\u01a1, b\u1ed9t tr\u00e1i c\u00e2y s\u1ea5y kh\u00f4 v\u00e0 n\u01b0\u1edbc \u00e9p v\u1ecb xo\u00e0i, t\u1ea1o v\u1ecb th\u01a1m ngon v\u00e0 d\u1ec5 \u0103n cho b\u00e9.<br \/>\n \u2756 C\u00f3 th\u1ec3 d\u00f9ng nh\u01b0 b\u00e1nh \u0103n d\u1eb7m cho tr\u1ebb b\u1ecb ng\u1ee9a n\u01b0\u1edbu.<br \/>\n \u2756 B\u00e1nh s\u1eed d\u1ee5ng oligosaccharide \u0111\u1ec3 t\u1ea1o v\u1ecb ng\u1ecdt thay \u0111\u01b0\u1eddng.<br \/>\n \u2756 S\u1ea3n ph\u1ea9m t\u1ed1t cho tr\u1ebb t\u1eadp \u0103n d\u1eb7m, ch\u1ee9a nhi\u1ec1u th\u00e0nh ph\u1ea7n dinh d\u01b0\u1ee1ng, ph\u00f9 h\u1ee3p v\u1edbi \u0111\u01b0\u1eddng ru\u1ed9t non y\u1ebfu c\u1ee7a b\u00e9.<br \/>\n \u2756 M\u1eb9 c\u00f3 th\u1ec3 d\u00f9ng b\u00e1nh \u0111\u1ec3 thay th\u1ebf b\u1eefa s\u00e1ng ho\u1eb7c b\u1ed5 sung v\u00e0o c\u00e1c b\u1eefa \u0103n ph\u1ee5 cho b\u00e9.<\/p>\n<p> \u0110\u1ed1i t\u01b0\u1ee3ng s\u1eed d\u1ee5ng<br \/>\n \u2756 B\u00e1nh \u0103n d\u1eb7m d\u00e0nh cho b\u00e9 t\u1eeb 6 th\u00e1ng tu\u1ed5i tr\u1edf l\u00ean.<\/p>\n<p> H\u01b0\u1edbng d\u1eabn s\u1eed d\u1ee5ng<br \/>\n \u2756 C\u00f3 th\u1ec3 s\u1eed d\u1ee5ng b\u00e1nh nh\u01b0 m\u1ed9t b\u1eefa \u0103n ph\u1ee5 ho\u00e0n ch\u1ec9nh, k\u00e8m v\u1edbi s\u1eefa ho\u1eb7c n\u01b0\u1edbc \u00e9p tr\u00e1i c\u00e2y cho b\u00e9.<br \/>\n \u2756 D\u00f9ng \u0103n tr\u1ef1c ti\u1ebfp, m\u1eb9 c\u00f3 th\u1ec3 cho b\u00e9 t\u1eadp b\u1ed1c \u0103n \u0111\u1ec3 b\u00e9 h\u1ecdc \u0111\u01b0\u1ee3c k\u1ef9 n\u0103ng c\u1ea7m n\u1eafm v\u00e0 s\u1eed d\u1ee5ng tay.<br \/>\n \u2756 C\u00f3 th\u1ec3 cho b\u00e9 \u0103n nhi\u1ec1u l\u1ea7n trong ng\u00e0y v\u00e0 m\u1ed7i l\u1ea7n m\u1ed9t \u00edt.<\/p>\n<p> C\u00e1ch b\u1ea3o qu\u1ea3n<br \/>\n \u2756 B\u1ea3o qu\u1ea3n s\u1ea3n ph\u1ea9m n\u01a1i kh\u00f4 r\u00e1o.<br \/>\n \u2756 Ki\u1ec3m tra h\u1ea1n s\u1eed d\u1ee5ng tr\u00ean bao b\u00ec tr\u01b0\u1edbc khi cho b\u00e9 d\u00f9ng<br \/>\n \u2756 Tr\u00e1nh \u00e1nh n\u1eafng tr\u1ef1c ti\u1ebfp ho\u1eb7c n\u01a1i \u1ea9m.<br \/>\n \u2756 Kh\u00f4ng s\u1eed d\u1ee5ng khi bao b\u00ec b\u1ecb r\u00e1ch, b\u00e1nh s\u1ebd kh\u00f4ng \u0111\u1ea3m b\u1ea3o ch\u1ea5t l\u01b0\u1ee3ng.<\/p>\n<p> L\u01b0u \u00fd:<br \/>\n \u2756 S\u1ea3n ph\u1ea9m d\u1ec5 tan nh\u01b0ng c\u1ea7n nhai k\u1ef9 tr\u01b0\u1edbc khi nu\u1ed1t, kh\u00f4ng cho nhi\u1ec1u mi\u1ebfng v\u00e0o mi\u1ec7ng c\u00f9ng m\u1ed9t l\u00fac, h\u00e3y quan s\u00e1t tr\u1ebb khi \u0103n \u0111\u1ec3 tr\u00e1nh b\u1ecb ngh\u1eb9n.<\/p>\n<p> V\u00ec sao n\u00ean ch\u1ecdn ch\u00fang t\u00f4i?<br \/>\n FORBEE l\u00e0 \u0111\u01a1n v\u1ecb cung c\u1ea5p \u0111\u1ed3 \u0103n d\u1eb7m cho b\u00e9 uy t\u00edn h\u00e0ng \u0111\u1ea7u t\u1ea1i Vi\u1ec7t Nam. V\u1edbi nhi\u1ec1u n\u0103m kinh nghi\u1ec7m trong l\u0129nh v\u1ef1c n\u00e0y, ch\u00fang t\u00f4i lu\u00f4n \u0111\u01b0\u1ee3c c\u00e1c m\u1eb9 tin t\u01b0\u1edfng l\u1ef1a ch\u1ecdn b\u1edfi nh\u1eefng \u01b0u \u0111i\u1ec3m v\u01b0\u1ee3t tr\u1ed9i sau:<br \/>\n \u2756 S\u1ea3n ph\u1ea9m ch\u00ednh h\u00e3ng, c\u00f3 gi\u1ea5y ch\u1ee9ng nh\u1eadn: nh\u1eadp kh\u1ea9u tr\u1ef1c ti\u1ebfp t\u1eeb H\u00e0n Qu\u1ed1c, \u0111\u1ea1t ch\u1ee9ng nh\u1eadn h\u1eefu c\u01a1 H\u00e0n Qu\u1ed1c (Korea Organic)<br \/>\n \u2756 \u0110a d\u1ea1ng h\u00f3a th\u1ef1c \u0111\u01a1n cho b\u00e9: Forbee cung c\u1ea5p \u0111a d\u1ea1ng c\u00e1c lo\u1ea1i \u0111\u1ed3 \u0103n d\u1eb7m h\u1eefu c\u01a1 t\u1eeb ch\u00e1o, b\u1ed9t, rau c\u1ee7, tr\u00e1i c\u00e2y, th\u1ecbt, c\u00e1&#8230; ph\u00f9 h\u1ee3p t\u1eebng giai \u0111o\u1ea1n ph\u00e1t tri\u1ec3n c\u1ee7a b\u00e9.<br \/>\n \u2756 Gi\u00e1 c\u1ea3 h\u1ee3p l\u00fd: Forbee lu\u00f4n n\u1ed7 l\u1ef1c mang \u0111\u1ebfn cho qu\u00fd kh\u00e1ch h\u00e0ng nh\u1eefng s\u1ea3n ph\u1ea9m ch\u1ea5t l\u01b0\u1ee3ng cao v\u1edbi gi\u00e1 c\u1ea3 h\u1ee3p l\u00fd nh\u1ea5t, c\u00f9ng c\u00e1c ch\u01b0\u01a1ng tr\u00ecnh khuy\u1ebfn m\u00e3i, gi\u1ea3m gi\u00e1 h\u1ea5p d\u1eabn gi\u00fap ba m\u1eb9 ti\u1ebft ki\u1ec7m chi ph\u00ed mua s\u1eafm.<br \/>\n \u2756 D\u1ecbch v\u1ee5 ch\u0103m s\u00f3c kh\u00e1ch h\u00e0ng: Forbee mang \u0111\u1ebfn cho kh\u00e1ch h\u00e0ng nh\u1eefng d\u1ecbch v\u1ee5 ch\u0103m s\u00f3c kh\u00e1ch h\u00e0ng t\u1eadn t\u00ecnh, chu \u0111\u00e1o. Lu\u00f4n s\u1eb5n s\u00e0ng gi\u1ea3i \u0111\u00e1p m\u1ecdi th\u1eafc m\u1eafc c\u1ee7a kh\u00e1ch h\u00e0ng, gi\u00fap m\u1eb9 ch\u1ecdn \u0111\u01b0\u1ee3c s\u1ea3n ph\u1ea9m ph\u00f9 h\u1ee3p nh\u1ea5t cho b\u00e9.<br \/>\n Ch\u00ednh s\u00e1ch c\u1ee7a FORBEE<br \/>\n \u2756 Cam k\u1ebft c\u1ee7a FORBEE<br \/>\n Cam k\u1ebft s\u1ea3n ph\u1ea9m ch\u00ednh h\u00e3ng 100%, n\u1ebfu s\u1ea3n ph\u1ea9m kh\u00f4ng \u0111\u00fang ch\u00ednh h\u00e3ng FORBEE cam k\u1ebft ho\u00e0n ti\u1ec1n 100%.<br \/>\n H\u00e0ng c\u00f3 s\u1eb5n, giao h\u00e0ng ngay khi nh\u1eadn \u0111\u01b0\u1ee3c \u0111\u01a1n.<br \/>\n Giao h\u00e0ng tr\u00ean to\u00e0n qu\u1ed1c, nh\u1eadn h\u00e0ng tr\u1ea3 ti\u1ec1n.<\/p>\n<p> \u2756 Ch\u00ednh s\u00e1ch b\u1ea3o h\u00e0nh, \u0111\u1ed5i tr\u1ea3 c\u1ee7a FORBEE<br \/>\n \u0110i\u1ec1u ki\u1ec7n \u00e1p d\u1ee5ng (trong v\u00f2ng 07 ng\u00e0y k\u1ec3 t\u1eeb khi nh\u1eadn s\u1ea3n ph\u1ea9m)<br \/>\n H\u00e0ng ho\u00e1 v\u1eabn c\u00f2n m\u1edbi, ch\u01b0a qua s\u1eed d\u1ee5ng<br \/>\n H\u00e0ng ho\u00e1 b\u1ecb l\u1ed7i ho\u1eb7c h\u01b0 h\u1ecfng do v\u1eadn chuy\u1ec3n ho\u1eb7c do nh\u00e0 s\u1ea3n xu\u1ea5t<\/p>\n<p> \u2756 Tr\u01b0\u1eddng h\u1ee3p \u0111\u01b0\u1ee3c ch\u1ea5p nh\u1eadn \u0111\u1ed5i tr\u1ea3 MI\u1ec4N PH\u00cd<br \/>\n H\u00e0ng kh\u00f4ng ki\u1ec3u d\u00e1ng nh\u01b0 qu\u00fd kh\u00e1ch \u0111\u1eb7t h\u00e0ng<br \/>\n Kh\u00f4ng \u0111\u1ee7 s\u1ed1 l\u01b0\u1ee3ng, kh\u00f4ng \u0111\u1ee7 b\u1ed9 nh\u01b0 trong \u0111\u01a1n h\u00e0ng<\/p>\n<p> \u2756 Tr\u01b0\u1eddng h\u1ee3p kh\u00f4ng \u0111\u1ee7 \u0111i\u1ec1u ki\u1ec7n \u00e1p d\u1ee5ng ch\u00ednh s\u00e1ch:<br \/>\n Qu\u00e1 07 ng\u00e0y k\u1ec3 t\u1eeb khi qu\u00fd kh\u00e1ch nh\u1eadn h\u00e0ng<br \/>\n G\u1eedi l\u1ea1i h\u00e0ng kh\u00f4ng \u0111\u00fang m\u1eabu m\u00e3, kh\u00f4ng ph\u1ea3i s\u1ea3n ph\u1ea9m c\u1ee7a FORBEE<br \/>\n Kh\u00f4ng th\u00edch, kh\u00f4ng h\u1ee3p, \u0111\u1eb7t nh\u1ea7m m\u00e3, nh\u1ea7m m\u00e0u&#8230;<\/p>\n","protected":false},"excerpt":{"rendered":"<p>B\u00e1nh d\u1ea1ng que \u0111\u01b0\u1ee3c l\u00e0m t\u1eeb g\u1ea1o l\u1ee9t h\u1eefu c\u01a1, b\u1ed9t tr\u00e1i c\u00e2y s\u1ea5y kh\u00f4 v\u00e0 n\u01b0\u1edbc \u00e9p v\u1ecb xo\u00e0i, t\u1ea1o v\u1ecb th\u01a1m ngon v\u00e0 d\u1ec5 \u0103n cho b\u00e9. S\u1ea3n ph\u1ea9m d\u00e0nh cho b\u00e9 6M+<\/p>\n","protected":false},"featured_media":33068,"comment_status":"open","ping_status":"closed","template":"","meta":[],"product_brand":[],"product_cat":[63],"product_tag":[],"class_list":{"0":"post-33069","1":"product","2":"type-product","3":"status-publish","4":"has-post-thumbnail","6":"product_cat-banh-an-dam","8":"first","9":"instock","10":"shipping-taxable","11":"purchasable","12":"product-type-simple"},"_links":{"self":[{"href":"https:\/\/forbee.vn\/index.php?rest_route=\/wp\/v2\/product\/33069","targetHints":{"allow":["GET"]}}],"collection":[{"href":"https:\/\/forbee.vn\/index.php?rest_route=\/wp\/v2\/product"}],"about":[{"href":"https:\/\/forbee.vn\/index.php?rest_route=\/wp\/v2\/types\/product"}],"replies":[{"embeddable":true,"href":"https:\/\/forbee.vn\/index.php?rest_route=%2Fwp%2Fv2%2Fcomments&post=33069"}],"wp:featuredmedia":[{"embeddable":true,"href":"https:\/\/forbee.vn\/index.php?rest_route=\/wp\/v2\/media\/33068"}],"wp:attachment":[{"href":"https:\/\/forbee.vn\/index.php?rest_route=%2Fwp%2Fv2%2Fmedia&parent=33069"}],"wp:term":[{"taxonomy":"product_brand","embeddable":true,"href":"https:\/\/forbee.vn\/index.php?rest_route=%2Fwp%2Fv2%2Fproduct_brand&post=33069"},{"taxonomy":"product_cat","embeddable":true,"href":"https:\/\/forbee.vn\/index.php?rest_route=%2Fwp%2Fv2%2Fproduct_cat&post=33069"},{"taxonomy":"product_tag","embeddable":true,"href":"https:\/\/forbee.vn\/index.php?rest_route=%2Fwp%2Fv2%2Fproduct_tag&post=33069"}],"curies":[{"name":"wp","href":"https:\/\/api.w.org\/{rel}","templated":true}]}}