{"id":33083,"date":"2025-04-15T13:36:34","date_gmt":"2025-04-15T13:36:34","guid":{"rendered":"https:\/\/forbee.vn\/san-pham\/sua-tam-goi-thao-moc-eco-bebesolution\/"},"modified":"2026-01-10T03:20:15","modified_gmt":"2026-01-10T03:20:15","slug":"sua-tam-goi-thao-moc-eco-bebesolution","status":"publish","type":"product","link":"https:\/\/forbee.vn\/?product=sua-tam-goi-thao-moc-eco-bebesolution","title":{"rendered":"S\u1eefa t\u1eafm g\u1ed9i th\u1ea3o m\u1ed9c Eco Bebesolution"},"content":{"rendered":"<p>Bebesolution l\u00e0 d\u00f2ng s\u1eefa t\u1eafm h\u1eefu c\u01a1 cao c\u1ea5p d\u00e0nh cho b\u00e9, chi\u1ebft xu\u1ea5t ho\u00e0n to\u00e0n t\u1eeb th\u1ea3o m\u1ed9c t\u1ef1 nhi\u00ean nh\u01b0 g\u1eebng, b\u1ed3 c\u00f4ng anh, t\u00eda t\u00f4, o\u1ea3i h\u01b0\u01a1ng, hoa c\u00fac, tr\u00e0 xanh, d\u1ea7u d\u1eeba, b\u01a1 h\u1ea1t m\u1ee1&#8230;, gi\u00fap l\u00e0m s\u1ea1ch nh\u1eb9 nh\u00e0ng, duy tr\u00ec \u0111\u1ed9 \u1ea9m v\u00e0 \u0111\u1ed9 pH t\u1ef1 nhi\u00ean c\u1ee7a da b\u00e9.<\/p>\n<p> \u2714\ufe0f M\u00f9i h\u01b0\u01a1ng d\u1ecbu nh\u1eb9, thu\u1ea7n thi\u00ean nhi\u00ean, kh\u00f4ng ch\u1ea5t t\u1ea1o m\u00f9i, kh\u00f4ng h\u00f3a ch\u1ea5t \u2013 gi\u00fap b\u00e9 th\u01b0 gi\u00e3n, gi\u1ea3m c\u0103ng th\u1eb3ng v\u00e0 d\u1ec5 ng\u1ee7 h\u01a1n.<br \/>\n \u2714\ufe0f Ch\u1ea5t ho\u1ea1t \u0111\u1ed9ng b\u1ec1 m\u1eb7t ngu\u1ed3n g\u1ed1c th\u1ef1c v\u1eadt, \u0111\u1ea1t ch\u1ee9ng nh\u1eadn xanh EWG, kh\u00f4ng g\u00e2y k\u00edch \u1ee9ng.<br \/>\n \u2714\ufe0f C\u00f4ng th\u1ee9c \u0111\u1ed9c quy\u1ec1n v\u1edbi c\u00e1c b\u1eb1ng s\u00e1ng ch\u1ebf nh\u01b0 Fresh Bud No.6, Derma Clera, gi\u00fap b\u1ea3o v\u1ec7 v\u00e0 nu\u00f4i d\u01b0\u1ee1ng l\u00e0n da b\u00e9 m\u1ed7i ng\u00e0y.<br \/>\n \u2714\ufe0f Ch\u1ee9a acid lactic v\u00e0 l\u1ee3i khu\u1ea9n t\u1ef1 nhi\u00ean, h\u1ed7 tr\u1ee3 c\u00e2n b\u1eb1ng h\u1ec7 vi sinh da, t\u0103ng c\u01b0\u1eddng h\u00e0ng r\u00e0o b\u1ea3o v\u1ec7 da kh\u1ecfe m\u1ea1nh.<br \/>\n Th\u00e0nh ph\u1ea7n:<br \/>\n Chi\u1ebft xu\u1ea5t g\u1eebng, hoa b\u1ed3 c\u00f4ng anh, t\u00eda t\u00f4, hoa o\u1ea3i h\u01b0\u01a1ng, hoa c\u00fac, tr\u00e0 xanh<\/p>\n<p> D\u1ea7u d\u1eeba, b\u01a1 h\u1ea1t m\u1ee1: cung c\u1ea5p \u0111\u1ed9 \u1ea9m v\u00e0 l\u00e0m m\u1ec1m da<\/p>\n<p> Acid lactic: cung c\u1ea5p l\u1ee3i khu\u1ea9n t\u1ef1 nhi\u00ean cho da<\/p>\n<p> Ch\u1ea5t ho\u1ea1t \u0111\u1ed9ng b\u1ec1 m\u1eb7t c\u00f3 ngu\u1ed3n g\u1ed1c th\u1ef1c v\u1eadt \u2013 \u0111\u01b0\u1ee3c ch\u1ee9ng nh\u1eadn eco<\/p>\n<p> C\u00e1c th\u00e0nh ph\u1ea7n \u0111\u01b0\u1ee3c c\u1ea5p b\u1eb1ng s\u00e1ng ch\u1ebf: Fresh Bud No.6, Derma Clera<\/p>\n<p> Kh\u00f4ng ch\u1ee9a h\u00f3a ch\u1ea5t \u0111\u1ed9c h\u1ea1i, ch\u1ea5t b\u1ea3o v\u1ec7 th\u1ef1c v\u1eadt, ch\u1ea5t t\u1ea1o m\u00f9i nh\u00e2n t\u1ea1o<\/p>\n<p> M\u1ee5c \u0111\u00edch s\u1eed d\u1ee5ng:<br \/>\n L\u00e0m s\u1ea1ch d\u1ecbu nh\u1eb9 l\u00e0n da b\u00e9 m\u1ed7i ng\u00e0y<\/p>\n<p> B\u1ea3o v\u1ec7 v\u00e0 c\u00e2n b\u1eb1ng \u0111\u1ed9 pH t\u1ef1 nhi\u00ean tr\u00ean da<\/p>\n<p> T\u0103ng c\u01b0\u1eddng h\u00e0ng r\u00e0o b\u1ea3o v\u1ec7 da nh\u1edd c\u00e1c chi\u1ebft xu\u1ea5t th\u1ea3o d\u01b0\u1ee3c v\u00e0 l\u1ee3i khu\u1ea9n<\/p>\n<p> C\u00f4ng d\u1ee5ng:<br \/>\n D\u01b0\u1ee1ng \u1ea9m v\u00e0 l\u00e0m m\u1ec1m da, tr\u00e1nh kh\u00f4 r\u00e1p, bong tr\u00f3c<\/p>\n<p> Gi\u1ea3m c\u0103ng th\u1eb3ng, gi\u00fap b\u00e9 th\u01b0 gi\u00e3n v\u00e0 d\u1ec5 ng\u1ee7 h\u01a1n nh\u1edd m\u00f9i h\u01b0\u01a1ng th\u1ea3o m\u1ed9c nh\u1eb9 d\u1ecbu<\/p>\n<p> L\u00e0m s\u1ea1ch nh\u1eb9 nh\u00e0ng m\u00e0 v\u1eabn gi\u1eef nguy\u00ean \u0111\u1ed9 \u1ea9m t\u1ef1 nhi\u00ean c\u1ee7a da<\/p>\n<p> H\u1ed7 tr\u1ee3 t\u0103ng c\u01b0\u1eddng s\u1ee9c \u0111\u1ec1 kh\u00e1ng cho da, \u0111\u1eb7c bi\u1ec7t trong giai \u0111o\u1ea1n giao m\u00f9a ho\u1eb7c th\u1eddi ti\u1ebft kh\u00f4 hanh<\/p>\n<p> H\u01b0\u1edbng d\u1eabn s\u1eed d\u1ee5ng:<br \/>\n L\u00e0m \u01b0\u1edbt c\u01a1 th\u1ec3 b\u00e9<\/p>\n<p> L\u1ea5y m\u1ed9t l\u01b0\u1ee3ng v\u1eeba \u0111\u1ee7 s\u1eefa t\u1eafm ra tay ho\u1eb7c b\u00f4ng t\u1eafm, t\u1ea1o b\u1ecdt nh\u1eb9<\/p>\n<p> Massage nh\u1eb9 nh\u00e0ng l\u00ean da b\u00e9, sau \u0111\u00f3 t\u1eafm s\u1ea1ch l\u1ea1i v\u1edbi n\u01b0\u1edbc<\/p>\n<p> C\u00f3 th\u1ec3 d\u00f9ng h\u00e0ng ng\u00e0y<\/p>\n<p> Quy c\u00e1ch:<br \/>\n D\u1ea1ng chai pump ti\u1ec7n l\u1ee3i<\/p>\n<p> Dung t\u00edch: 300ml \/ 500ml (tu\u1ef3 t\u1eebng m\u1eabu nh\u1eadp)<\/p>\n<p> Xu\u1ea5t x\u1ee9:<br \/>\n H\u00e0n Qu\u1ed1c<\/p>\n<p> S\u1ea3n ph\u1ea9m \u0111\u1ea1t ch\u1ee9ng nh\u1eadn xanh EWG v\u00e0 ti\u00eau chu\u1ea9n an to\u00e0n d\u01b0\u1ee3c ph\u1ea9m d\u00e0nh cho tr\u1ebb nh\u1ecf<\/p>\n","protected":false},"excerpt":{"rendered":"<p>Bebesolution l\u00e0 d\u00f2ng s\u1eefa t\u1eafm h\u1eefu c\u01a1 cao c\u1ea5p d\u00e0nh cho b\u00e9, chi\u1ebft xu\u1ea5t ho\u00e0n to\u00e0n t\u1eeb th\u1ea3o m\u1ed9c t\u1ef1 nhi\u00ean nh\u01b0 g\u1eebng, b\u1ed3 c\u00f4ng anh, t\u00eda t\u00f4, o\u1ea3i h\u01b0\u01a1ng, hoa c\u00fac, tr\u00e0 xanh, d\u1ea7u d\u1eeba, b\u01a1 h\u1ea1t m\u1ee1&#8230;, gi\u00fap l\u00e0m s\u1ea1ch nh\u1eb9 nh\u00e0ng, duy tr\u00ec \u0111\u1ed9 \u1ea9m v\u00e0 \u0111\u1ed9 pH t\u1ef1 nhi\u00ean c\u1ee7a da b\u00e9.<\/p>\n","protected":false},"featured_media":33082,"comment_status":"open","ping_status":"closed","template":"","meta":[],"product_brand":[],"product_cat":[65],"product_tag":[],"class_list":{"0":"post-33083","1":"product","2":"type-product","3":"status-publish","4":"has-post-thumbnail","6":"product_cat-cham-soc-da","8":"first","9":"instock","10":"shipping-taxable","11":"purchasable","12":"product-type-simple"},"_links":{"self":[{"href":"https:\/\/forbee.vn\/index.php?rest_route=\/wp\/v2\/product\/33083","targetHints":{"allow":["GET"]}}],"collection":[{"href":"https:\/\/forbee.vn\/index.php?rest_route=\/wp\/v2\/product"}],"about":[{"href":"https:\/\/forbee.vn\/index.php?rest_route=\/wp\/v2\/types\/product"}],"replies":[{"embeddable":true,"href":"https:\/\/forbee.vn\/index.php?rest_route=%2Fwp%2Fv2%2Fcomments&post=33083"}],"wp:featuredmedia":[{"embeddable":true,"href":"https:\/\/forbee.vn\/index.php?rest_route=\/wp\/v2\/media\/33082"}],"wp:attachment":[{"href":"https:\/\/forbee.vn\/index.php?rest_route=%2Fwp%2Fv2%2Fmedia&parent=33083"}],"wp:term":[{"taxonomy":"product_brand","embeddable":true,"href":"https:\/\/forbee.vn\/index.php?rest_route=%2Fwp%2Fv2%2Fproduct_brand&post=33083"},{"taxonomy":"product_cat","embeddable":true,"href":"https:\/\/forbee.vn\/index.php?rest_route=%2Fwp%2Fv2%2Fproduct_cat&post=33083"},{"taxonomy":"product_tag","embeddable":true,"href":"https:\/\/forbee.vn\/index.php?rest_route=%2Fwp%2Fv2%2Fproduct_tag&post=33083"}],"curies":[{"name":"wp","href":"https:\/\/api.w.org\/{rel}","templated":true}]}}