{"id":33085,"date":"2025-04-15T13:36:40","date_gmt":"2025-04-15T13:36:40","guid":{"rendered":"https:\/\/forbee.vn\/san-pham\/dung-dich-ve-sinh-cho-be\/"},"modified":"2026-01-10T03:20:05","modified_gmt":"2026-01-10T03:20:05","slug":"dung-dich-ve-sinh-cho-be","status":"publish","type":"product","link":"https:\/\/forbee.vn\/?product=dung-dich-ve-sinh-cho-be","title":{"rendered":"Dung d\u1ecbch v\u1ec7 sinh cho b\u00e9"},"content":{"rendered":"<p>Dung d\u1ecbch v\u1ec7 sinh th\u1ea3o d\u01b0\u1ee3c Bebesolution Eco \u2013 D\u1ecbu nh\u1eb9, an to\u00e0n cho b\u00e9 v\u00e0 m\u1eb9 b\u1ea7u<br \/>\n Bebesolution Eco l\u00e0 dung d\u1ecbch v\u1ec7 sinh h\u1eefu c\u01a1 100% t\u1eeb t\u1ef1 nhi\u00ean, \u0111\u01b0\u1ee3c nghi\u00ean c\u1ee9u v\u00e0 ph\u00e1t tri\u1ec3n d\u00e0nh ri\u00eang cho v\u00f9ng k\u00edn nh\u1ea1y c\u1ea3m c\u1ee7a tr\u1ebb nh\u1ecf, m\u1eb9 b\u1ea7u v\u00e0 m\u1eb9 sau sinh. S\u1ea3n ph\u1ea9m \u0111\u1ea1t chu\u1ea9n d\u01b0\u1ee3c ph\u1ea9m qu\u1ed1c t\u1ebf, gi\u00fap l\u00e0m s\u1ea1ch d\u1ecbu nh\u1eb9 m\u00e0 kh\u00f4ng g\u00e2y kh\u00f4 r\u00e1t hay k\u00edch \u1ee9ng.<\/p>\n<p> Th\u00e0nh ph\u1ea7n:<br \/>\n Chi\u1ebft xu\u1ea5t th\u1ef1c v\u1eadt t\u1ef1 nhi\u00ean: rau di\u1ebfp c\u00e1, rau m\u00e1, tr\u00e0 xanh, d\u1ea7u d\u1eeba, d\u1ea7u c\u00e2y Chichi, hoa o\u1ea3i h\u01b0\u01a1ng, b\u01a1 h\u1ea1t m\u1ee1&#8230;<\/p>\n<p> Ch\u1ea5t ho\u1ea1t \u0111\u1ed9ng b\u1ec1 m\u1eb7t c\u00f3 ngu\u1ed3n g\u1ed1c th\u1ef1c v\u1eadt, \u0111\u01b0\u1ee3c ch\u1ee9ng nh\u1eadn Ecocert<\/p>\n<p> Kh\u00f4ng ch\u1ee9a h\u01b0\u01a1ng li\u1ec7u nh\u00e2n t\u1ea1o, ch\u1ea5t t\u1ea1o b\u1ecdt h\u00f3a h\u1ecdc hay h\u00f3a ph\u1ea9m \u0111\u1ed9c h\u1ea1i<\/p>\n<p> C\u00f4ng th\u1ee9c chuy\u00ean bi\u1ec7t v\u1edbi b\u1eb1ng s\u00e1ng ch\u1ebf MultiEx BSASM\u00ae EG2 v\u00e0 DERMA-CLERA\u2122 \u2013 h\u1ed7 tr\u1ee3 kh\u00e1ng vi\u00eam v\u00e0 l\u00e0m d\u1ecbu da, ng\u0103n ng\u1eeba vi\u00eam da d\u1ecb \u1ee9ng<\/p>\n<p> M\u1ee5c \u0111\u00edch s\u1eed d\u1ee5ng:<br \/>\n L\u00e0m s\u1ea1ch v\u00f9ng k\u00edn c\u1ee7a tr\u1ebb nh\u1ecf, m\u1eb9 b\u1ea7u v\u00e0 m\u1eb9 sau sinh<\/p>\n<p> Duy tr\u00ec \u0111\u1ed9 pH sinh l\u00fd t\u1ef1 nhi\u00ean, b\u1ea3o v\u1ec7 h\u00e0ng r\u00e0o sinh h\u1ecdc c\u1ee7a l\u00e0n da nh\u1ea1y c\u1ea3m<\/p>\n<p> H\u1ea1n ch\u1ebf vi khu\u1ea9n g\u00e2y h\u1ea1i x\u00e2m nh\u1eadp v\u00e0 ph\u00e1t tri\u1ec3n<\/p>\n<p> C\u00f4ng d\u1ee5ng:<br \/>\n L\u00e0m s\u1ea1ch nh\u1eb9 nh\u00e0ng m\u00e0 kh\u00f4ng g\u00e2y kh\u00f4 da, kh\u00f4ng k\u00edch \u1ee9ng<\/p>\n<p> Ng\u0103n ng\u1eeba vi khu\u1ea9n c\u00f3 h\u1ea1i, gi\u1ea3m nguy c\u01a1 h\u0103m, ng\u1ee9a, vi\u00eam nhi\u1ec5m v\u00f9ng k\u00edn<\/p>\n<p> D\u01b0\u1ee1ng \u1ea9m s\u00e2u, gi\u00fap da m\u1ec1m m\u1ecbn v\u00e0 kh\u1ecfe m\u1ea1nh h\u01a1n<\/p>\n<p> H\u1ed7 tr\u1ee3 ph\u1ee5c h\u1ed3i l\u00e0n da nh\u1ea1y c\u1ea3m sau sinh ho\u1eb7c trong giai \u0111o\u1ea1n thay \u0111\u1ed5i n\u1ed9i ti\u1ebft<\/p>\n<p> H\u01b0\u1edbng d\u1eabn s\u1eed d\u1ee5ng:<br \/>\n L\u1eafc nh\u1eb9 tr\u01b0\u1edbc khi d\u00f9ng.<\/p>\n<p> L\u1ea5y m\u1ed9t l\u01b0\u1ee3ng b\u1ecdt v\u1eeba \u0111\u1ee7 ra tay, thoa nh\u1eb9 nh\u00e0ng l\u00ean v\u00f9ng k\u00edn, sau \u0111\u00f3 r\u1eeda l\u1ea1i v\u1edbi n\u01b0\u1edbc s\u1ea1ch.<\/p>\n<p> C\u00f3 th\u1ec3 s\u1eed d\u1ee5ng h\u00e0ng ng\u00e0y.<\/p>\n<p> Quy c\u00e1ch:<br \/>\n D\u1ea1ng chai b\u1ecdt ti\u1ec7n l\u1ee3i<\/p>\n<p> Dung t\u00edch: 300ml<\/p>\n<p> Xu\u1ea5t x\u1ee9:<br \/>\n H\u00e0n Qu\u1ed1c \u2013 \u0111\u1ea1t ti\u00eau chu\u1ea9n an to\u00e0n d\u01b0\u1ee3c m\u1ef9 ph\u1ea9m to\u00e0n c\u1ea7u<\/p>\n","protected":false},"excerpt":{"rendered":"<p>Bebesolution Eco l\u00e0 dung d\u1ecbch v\u1ec7 sinh h\u1eefu c\u01a1 100% t\u1eeb t\u1ef1 nhi\u00ean, \u0111\u01b0\u1ee3c nghi\u00ean c\u1ee9u v\u00e0 ph\u00e1t tri\u1ec3n d\u00e0nh ri\u00eang cho v\u00f9ng k\u00edn nh\u1ea1y c\u1ea3m c\u1ee7a tr\u1ebb nh\u1ecf, m\u1eb9 b\u1ea7u v\u00e0 m\u1eb9 sau sinh. S\u1ea3n ph\u1ea9m \u0111\u1ea1t chu\u1ea9n d\u01b0\u1ee3c ph\u1ea9m qu\u1ed1c t\u1ebf, gi\u00fap l\u00e0m s\u1ea1ch d\u1ecbu nh\u1eb9 m\u00e0 kh\u00f4ng g\u00e2y kh\u00f4 r\u00e1t hay k\u00edch \u1ee9ng.<\/p>\n","protected":false},"featured_media":33084,"comment_status":"open","ping_status":"closed","template":"","meta":[],"product_brand":[],"product_cat":[65],"product_tag":[],"class_list":{"0":"post-33085","1":"product","2":"type-product","3":"status-publish","4":"has-post-thumbnail","6":"product_cat-cham-soc-da","8":"first","9":"instock","10":"shipping-taxable","11":"purchasable","12":"product-type-simple"},"_links":{"self":[{"href":"https:\/\/forbee.vn\/index.php?rest_route=\/wp\/v2\/product\/33085","targetHints":{"allow":["GET"]}}],"collection":[{"href":"https:\/\/forbee.vn\/index.php?rest_route=\/wp\/v2\/product"}],"about":[{"href":"https:\/\/forbee.vn\/index.php?rest_route=\/wp\/v2\/types\/product"}],"replies":[{"embeddable":true,"href":"https:\/\/forbee.vn\/index.php?rest_route=%2Fwp%2Fv2%2Fcomments&post=33085"}],"wp:featuredmedia":[{"embeddable":true,"href":"https:\/\/forbee.vn\/index.php?rest_route=\/wp\/v2\/media\/33084"}],"wp:attachment":[{"href":"https:\/\/forbee.vn\/index.php?rest_route=%2Fwp%2Fv2%2Fmedia&parent=33085"}],"wp:term":[{"taxonomy":"product_brand","embeddable":true,"href":"https:\/\/forbee.vn\/index.php?rest_route=%2Fwp%2Fv2%2Fproduct_brand&post=33085"},{"taxonomy":"product_cat","embeddable":true,"href":"https:\/\/forbee.vn\/index.php?rest_route=%2Fwp%2Fv2%2Fproduct_cat&post=33085"},{"taxonomy":"product_tag","embeddable":true,"href":"https:\/\/forbee.vn\/index.php?rest_route=%2Fwp%2Fv2%2Fproduct_tag&post=33085"}],"curies":[{"name":"wp","href":"https:\/\/api.w.org\/{rel}","templated":true}]}}