{"id":33091,"date":"2025-04-15T13:36:50","date_gmt":"2025-04-15T13:36:50","guid":{"rendered":"https:\/\/forbee.vn\/san-pham\/sua-hat-ngu-coc-organic-pororo-kiddiemeal-24-hop-thung\/"},"modified":"2026-01-10T03:19:30","modified_gmt":"2026-01-10T03:19:30","slug":"sua-hat-ngu-coc-organic-pororo-kiddiemeal-24-hop-thung","status":"publish","type":"product","link":"https:\/\/forbee.vn\/?product=sua-hat-ngu-coc-organic-pororo-kiddiemeal-24-hop-thung","title":{"rendered":"S\u1eefa h\u1ea1t ng\u0169 c\u1ed1c Organic Pororo kiddiemeal ( 24 h\u1ed9p\/th\u00f9ng)"},"content":{"rendered":"<p>S\u1eefa h\u1ea1t dinh d\u01b0\u1ee1ng Pororo Kiddie Meal \u2013 Dinh d\u01b0\u1ee1ng ti\u1ec7n l\u1ee3i m\u1ed7i ng\u00e0y cho b\u00e9 t\u1eeb 1 tu\u1ed5i<br \/>\n Pororo Kiddie Meal l\u00e0 d\u00f2ng s\u1eefa h\u1ea1t n\u1ed9i \u0111\u1ecba H\u00e0n Qu\u1ed1c \u0111\u01b0\u1ee3c thi\u1ebft k\u1ebf ri\u00eang cho tr\u1ebb nh\u1ecf \u2013 \u0111\u1eb7c bi\u1ec7t l\u00e0 b\u00e9 \u0111ang trong giai \u0111o\u1ea1n \u0103n d\u1eb7m ho\u1eb7c c\u00f3 nhu c\u1ea7u b\u1ed5 sung dinh d\u01b0\u1ee1ng. Kh\u00f4ng ch\u1ec9 th\u01a1m ngon, d\u1ec5 u\u1ed1ng, s\u1eefa c\u00f2n \u0111\u1ea3m b\u1ea3o ti\u00eau chu\u1ea9n an to\u00e0n tuy\u1ec7t \u0111\u1ed1i v\u1edbi th\u00e0nh ph\u1ea7n t\u1ef1 nhi\u00ean, ki\u1ec3m \u0111\u1ecbnh nghi\u00eam ng\u1eb7t t\u1ea1i H\u00e0n Qu\u1ed1c.<\/p>\n<p> 1. Th\u00e0nh ph\u1ea7n &#038; \u0110\u1eb7c \u0111i\u1ec3m n\u1ed5i b\u1eadt:<br \/>\n Chi\u1ebft xu\u1ea5t t\u1eeb 20 lo\u1ea1i h\u1ea1t dinh d\u01b0\u1ee1ng t\u1ef1 nhi\u00ean, ch\u1ea5t l\u01b0\u1ee3ng cao, ki\u1ec3m nghi\u1ec7m \u0111\u1ecbnh k\u1ef3 v\u1ec1 thu\u1ed1c b\u1ea3o v\u1ec7 th\u1ef1c v\u1eadt t\u1ea1i H\u00e0n Qu\u1ed1c<\/p>\n<p> H\u00e0m l\u01b0\u1ee3ng \u0111\u01b0\u1eddng c\u1ef1c th\u1ea5p ch\u1ec9 7%, an to\u00e0n v\u1edbi tr\u1ebb nh\u1ecf t\u1eeb 1 tu\u1ed5i tr\u1edf l\u00ean<\/p>\n<p> Ngu\u1ed3n n\u01b0\u1edbc s\u1ea1ch \u0111\u1ea1t ch\u1ee9ng nh\u1eadn an to\u00e0n, \u0111\u1ea3m b\u1ea3o \u0111\u1ed9 tinh khi\u1ebft t\u1ed1i \u01b0u trong t\u1eebng h\u1ed9p s\u1eefa<br \/>\n ti\u1ec7n l\u1ee3i v\u00e0 nhanh ch\u00f3ng cho ba m\u1eb9<\/p>\n<p> 2. Dinh d\u01b0\u1ee1ng v\u01b0\u1ee3t tr\u1ed9i:<br \/>\n \u2705 B\u1ed5 sung 13 lo\u1ea1i vitamin thi\u1ebft y\u1ebfu cho s\u1ef1 ph\u00e1t tri\u1ec3n to\u00e0n di\u1ec7n<br \/>\n \u2705 Canxi 14% + Vitamin D h\u1ed7 tr\u1ee3 ph\u00e1t tri\u1ec3n chi\u1ec1u cao t\u1ed1i \u01b0u<br \/>\n \u2705 Ch\u1ea5t \u0111\u1ea1m &#038; K\u1ebdm gi\u00fap b\u00e9 ph\u00e1t tri\u1ec3n th\u1ec3 ch\u1ea5t, t\u0103ng s\u1ee9c \u0111\u1ec1 kh\u00e1ng<br \/>\n \u2705 D\u00e0nh cho b\u00e9 l\u01b0\u1eddi \u0103n, h\u1ea5p th\u1ee5 k\u00e9m, hay ho\u1ea1t \u0111\u1ed9ng nhi\u1ec1u c\u1ea7n b\u1ed5 sung n\u0103ng l\u01b0\u1ee3ng<\/p>\n<p> 3. C\u00f4ng d\u1ee5ng ch\u00ednh:<br \/>\n H\u1ed7 tr\u1ee3 t\u0103ng tr\u01b0\u1edfng chi\u1ec1u cao, ph\u00e1t tri\u1ec3n th\u1ec3 ch\u1ea5t<\/p>\n<p> B\u1ed5 sung dinh d\u01b0\u1ee1ng sau b\u1eefa \u0103n ho\u1eb7c sau khi b\u00e9 vui ch\u01a1i, ho\u1ea1t \u0111\u1ed9ng<\/p>\n<p> Th\u00edch h\u1ee3p d\u00f9ng bu\u1ed5i s\u00e1ng ho\u1eb7c mang theo \u0111\u1ebfn tr\u01b0\u1eddng m\u1eabu gi\u00e1o<\/p>\n<p> Gi\u1ea3i ph\u00e1p nhanh g\u1ecdn cho b\u00e9 k\u00e9n \u0103n, l\u01b0\u1eddi \u0103n rau ho\u1eb7c kh\u00f4ng th\u00edch u\u1ed1ng s\u1eefa b\u00f2<\/p>\n<p> 4. M\u00f9i v\u1ecb &#038; c\u1ea3m nh\u1eadn:<br \/>\n V\u1ecb thanh nh\u1eb9, d\u1ec5 u\u1ed1ng, th\u01a1m ngon, kh\u00f4ng ng\u1ecdt g\u1eaft \u2013 ph\u00f9 h\u1ee3p kh\u1ea9u v\u1ecb tr\u1ebb nh\u1ecf<\/p>\n<p> \u0110\u01b0\u1ee3c r\u1ea5t nhi\u1ec1u b\u00e9 y\u00eau th\u00edch, \u0111\u1eb7c bi\u1ec7t l\u00e0 c\u00e1c b\u00e9 k\u00e9n \u0103n<\/p>\n<p> 5. H\u01b0\u1edbng d\u1eabn s\u1eed d\u1ee5ng:<br \/>\n L\u1eafc \u0111\u1ec1u tr\u01b0\u1edbc khi u\u1ed1ng<\/p>\n<p> U\u1ed1ng tr\u1ef1c ti\u1ebfp, c\u00f3 th\u1ec3 d\u00f9ng m\u00e1t ho\u1eb7c \u0111\u1ec3 l\u1ea1nh ngon h\u01a1n<\/p>\n<p> D\u00f9ng 1\u20132 h\u1ed9p\/ng\u00e0y t\u00f9y nhu c\u1ea7u dinh d\u01b0\u1ee1ng v\u00e0 \u0111\u1ed9 tu\u1ed5i<\/p>\n<p> 6. Quy c\u00e1ch &#038; Xu\u1ea5t x\u1ee9:<br \/>\n Dung t\u00edch: 135ml\/h\u1ed9p<\/p>\n<p> Quy c\u00e1ch: Th\u00f9ng 24 h\u1ed9p<\/p>\n<p> Xu\u1ea5t x\u1ee9: N\u1ed9i \u0111\u1ecba H\u00e0n Qu\u1ed1c<\/p>\n","protected":false},"excerpt":{"rendered":"<p>Pororo Kiddie Meal l\u00e0 d\u00f2ng s\u1eefa h\u1ea1t n\u1ed9i \u0111\u1ecba H\u00e0n Qu\u1ed1c \u0111\u01b0\u1ee3c thi\u1ebft k\u1ebf ri\u00eang cho tr\u1ebb nh\u1ecf \u2013 \u0111\u1eb7c bi\u1ec7t l\u00e0 b\u00e9 \u0111ang trong giai \u0111o\u1ea1n \u0103n d\u1eb7m ho\u1eb7c c\u00f3 nhu c\u1ea7u b\u1ed5 sung dinh d\u01b0\u1ee1ng. Kh\u00f4ng ch\u1ec9 th\u01a1m ngon, d\u1ec5 u\u1ed1ng, s\u1eefa c\u00f2n \u0111\u1ea3m b\u1ea3o ti\u00eau chu\u1ea9n an to\u00e0n tuy\u1ec7t \u0111\u1ed1i v\u1edbi th\u00e0nh ph\u1ea7n t\u1ef1 nhi\u00ean, ki\u1ec3m \u0111\u1ecbnh nghi\u00eam ng\u1eb7t t\u1ea1i H\u00e0n Qu\u1ed1c.<\/p>\n","protected":false},"featured_media":33090,"comment_status":"open","ping_status":"closed","template":"","meta":[],"product_brand":[],"product_cat":[62],"product_tag":[],"class_list":{"0":"post-33091","1":"product","2":"type-product","3":"status-publish","4":"has-post-thumbnail","6":"product_cat-sua","8":"first","9":"instock","10":"shipping-taxable","11":"purchasable","12":"product-type-simple"},"_links":{"self":[{"href":"https:\/\/forbee.vn\/index.php?rest_route=\/wp\/v2\/product\/33091","targetHints":{"allow":["GET"]}}],"collection":[{"href":"https:\/\/forbee.vn\/index.php?rest_route=\/wp\/v2\/product"}],"about":[{"href":"https:\/\/forbee.vn\/index.php?rest_route=\/wp\/v2\/types\/product"}],"replies":[{"embeddable":true,"href":"https:\/\/forbee.vn\/index.php?rest_route=%2Fwp%2Fv2%2Fcomments&post=33091"}],"wp:featuredmedia":[{"embeddable":true,"href":"https:\/\/forbee.vn\/index.php?rest_route=\/wp\/v2\/media\/33090"}],"wp:attachment":[{"href":"https:\/\/forbee.vn\/index.php?rest_route=%2Fwp%2Fv2%2Fmedia&parent=33091"}],"wp:term":[{"taxonomy":"product_brand","embeddable":true,"href":"https:\/\/forbee.vn\/index.php?rest_route=%2Fwp%2Fv2%2Fproduct_brand&post=33091"},{"taxonomy":"product_cat","embeddable":true,"href":"https:\/\/forbee.vn\/index.php?rest_route=%2Fwp%2Fv2%2Fproduct_cat&post=33091"},{"taxonomy":"product_tag","embeddable":true,"href":"https:\/\/forbee.vn\/index.php?rest_route=%2Fwp%2Fv2%2Fproduct_tag&post=33091"}],"curies":[{"name":"wp","href":"https:\/\/api.w.org\/{rel}","templated":true}]}}